{"id":1442,"date":"2025-05-02T12:10:01","date_gmt":"2025-05-02T12:10:01","guid":{"rendered":"https:\/\/korkutelikasapoglumobilya.com.tr\/?page_id=1442"},"modified":"2025-05-02T12:10:09","modified_gmt":"2025-05-02T12:10:09","slug":"kargo-teslim-bilgileri","status":"publish","type":"page","link":"https:\/\/korkutelikasapoglumobilya.com.tr\/?page_id=1442","title":{"rendered":"Kargo Teslim Bilgileri"},"content":{"rendered":"\n<p><strong>Kargo Teslim Bilgileri<\/strong><\/p>\n\n\n\n<p>\u00d6ncelikle sitemiz \u00fczerinde verdi\u011finiz sipari\u015finizin t\u00fcm ad\u0131mlar\u0131n\u0131 diledi\u011finiz zaman \u00fcst men\u00fcde yer alan \u201cSipari\u015flerim\u201d sekmesinden takip edebilirsiniz.<br><br><strong>\u0130lk olarak belirtmek isteriz ki kargolar\u0131m\u0131z&nbsp; strafor kutularda buz jeli konularak g\u00f6nderilmektedir. \u00dcr\u00fcnlerimiz mop ambalajl\u0131d\u0131r. Sipari\u015flerimizin tamam\u0131 Afyon Fabrikam\u0131zdan g\u00f6nderilmektedir. Sipari\u015f a\u015famas\u0131ndan teslimata kadar ge\u00e7en s\u00fcrede \u00fcr\u00fcnlerin bozulmas\u0131na y\u00f6nelik herhangi bir s\u0131k\u0131nt\u0131 ya\u015fanmamaktad\u0131r.<\/strong><\/p>\n\n\n\n<p>Sipari\u015fleriniz neticesinde olu\u015fan kargo \u00fccreti, \u00f6deme k\u0131sm\u0131nda size belirtilen oranda sipari\u015finize yans\u0131t\u0131lmaktad\u0131r. Belli d\u00f6nemlerde ve\/veya belli sipari\u015f tutarlar\u0131 \u00fczerinde kargonun \u00fccretsiz olarak ger\u00e7ekle\u015ftirilmesi uygulamas\u0131 tamamen korkutelikasapoglumobilya.com.tr nin inisiyatifindedir. S\u00f6z konusu belirtilen tutarlar\u0131n \u00fczerinde veya \u00fccretsiz kargo uygulamalar\u0131n\u0131n \u00f6ncesinde\/sonras\u0131nda olu\u015fturulan sipari\u015flerde&nbsp; &nbsp;korkutelikasapoglumobilya.com.tr mesuliyet kabul etmez.<br>Sitemiz \u00fczerinden vermi\u015f oldu\u011funuz sipari\u015fleriniz, anla\u015fmal\u0131 kargo \u015firketleri taraf\u0131ndan T\u00fcrkiye s\u0131n\u0131rlar\u0131 i\u00e7erisinde bulunan adresinize kadar teslim edilmektedir. B\u00fcy\u00fck yerle\u015fim yerleri haricinde kalan il\u00e7e, belde vb. yerle\u015fim yerlerine kargo \u015firketlerinin haftan\u0131n belli g\u00fcnleri sevkiyatlar\u0131 olabilmektedir, bu gibi durumlarda ya\u015fanabilecek gecikmelerde&nbsp; &nbsp;afyonsuluk.com.tr mesuliyet kabul etmez. Ayr\u0131ca bir\u00e7ok kargo firmas\u0131 T\u00fcrkiye genelinde bulunan k\u00f6ylere teslimat yapmamakta, yap\u0131ld\u0131\u011f\u0131 takdirde ilave \u00fccret talep etmektedir. Bu durumlarda olu\u015fabilecek ilave \u00fccretler al\u0131c\u0131ya aittir.<\/p>\n\n\n\n<p>Belirtmi\u015f oldu\u011funuz adreste bulunamaman\u0131z durumunda, paketiniz kargo g\u00f6revlisi taraf\u0131ndan \u015fube detaylar\u0131n\u0131 da bulabilece\u011finiz bir not b\u0131rak\u0131larak en yak\u0131n \u015fubeye geri g\u00f6t\u00fcr\u00fclmektedir. 3 g\u00fcn i\u00e7erisinde s\u00f6z konusu \u015fubeden paketinizi teslim alabilirsiniz. Bu s\u00fcre zarf\u0131nda da teslim al\u0131nmayan kargolar &nbsp;korkutelikasapoglumobilya.com.tr e&nbsp; geri g\u00f6nderilmektedir. Kargonuz size ula\u015famad\u0131\u011f\u0131 takdirde taraf\u0131m\u0131za geri g\u00f6nderilen sipari\u015flerinizde taraf\u0131m\u0131za M\u00fc\u015fteri Hizmetleri \u00fczerinden ula\u015farak isim \u2013 soy isim, adres ve telefon bilgilerinizi teyit edebilir&nbsp; ve \u00fccreti iadeniz ile ilgili bilgi alabilirsiniz. Sitemizde \u00fcr\u00fcn de\u011fi\u015fimi ve yeniden g\u00f6nderim i\u015flemi yap\u0131lmamaktad\u0131r.<\/p>\n\n\n\n<p>Kargonuzun yanl\u0131\u015f bir adrese gitme olas\u0131l\u0131\u011f\u0131nda, gerekli i\u015flem taraf\u0131m\u0131zdan yap\u0131lmaktad\u0131r.&nbsp;&nbsp;korkutelikasapoglumobilya.com.tr \u00fczerinden yapt\u0131\u011f\u0131n\u0131z al\u0131\u015fveri\u015flerde taraf\u0131m\u0131za iletti\u011finiz adres bilgileriniz hi\u00e7bir de\u011fi\u015fiklik yap\u0131lmadan otomatik olarak kargo firmas\u0131na aktar\u0131lmaktad\u0131r. Burada olu\u015fabilecek yanl\u0131\u015fl\u0131klar, yanl\u0131\u015f adrese ger\u00e7ekle\u015ftirilen g\u00f6nderimler korkutelikasapoglumobilya.com.tr \u2018a ba\u011fl\u0131 bir se\u00e7im de\u011fildir. Yanl\u0131\u015f adrese g\u00f6nderim s\u00f6z konusu ise, bu durumu bize e-mail yoluyla bildirdi\u011finizde, konu taraf\u0131m\u0131zca kargo firmas\u0131na aktar\u0131l\u0131r ve gerekli y\u00f6nlendirme i\u015flemini k\u0131sa s\u00fcrede yap\u0131lmas\u0131 sa\u011flan\u0131r.<\/p>\n\n\n\n<p>Kargoda olan sipari\u015flerinizde adres ve\/veya al\u0131c\u0131 ismi de\u011fi\u015fikli\u011fi ger\u00e7ekle\u015ftirilebilmektedir. Kargoya teslimat\u0131 ger\u00e7ekle\u015ftirilen sipari\u015flerinizin, teslimat adresi de\u011fi\u015fikli\u011fi ve\/veya al\u0131c\u0131 ismi de\u011fi\u015fikli\u011fi kargo \u015firketine taraf\u0131m\u0131zdan iletilmekte olup, bu t\u00fcr de\u011fi\u015fikliklerde teslimat i\u00e7in ilave s\u00fcrece gereksinim duyulabilmektedir. Teslimat adresi\/al\u0131c\u0131 ismi de\u011fi\u015fiklik talepleriniz sadece \u00fcyeli\u011finizin bulundu\u011fu e-mail adresi \u00fczerinden taraf\u0131m\u0131za iletilen mail arac\u0131l\u0131\u011f\u0131 ile ger\u00e7ekle\u015ftirilebilmektedir.&nbsp;<\/p>\n\n\n\n<p>Kargo paketinizin size teslimi esnas\u0131nda pakette herhangi bir deformasyon, kusur mevcut ise, kargo teslim formunu imzalamadan \u00f6nce kargo g\u00f6revlisinin yan\u0131nda kargo paketinizi a\u00e7arak kutu i\u00e7erisindeki \u00fcr\u00fcn\u00fcn\u00fcz\u00fcn fiziki durumunu kontrol ediniz. Kutunun i\u00e7erisinde bulunan \u00fcr\u00fcn\u00fcn\u00fcz bir \u015fekilde zarar g\u00f6rm\u00fc\u015fse, \u00fcr\u00fcn\u00fc teslim almay\u0131p kargo g\u00f6revlisine iade ediniz ve mutlaka kargo hasar tutana\u011f\u0131 haz\u0131rlat\u0131n\u0131z. \u015eayet \u00fcr\u00fcn\u00fcn\u00fcz\u00fcn o an i\u00e7in g\u00f6nderimi m\u00fcmk\u00fcn de\u011filse taraf\u0131n\u0131za \u00fccretiniz iade edilmektedir. Ayn\u0131 \u015fekilde kargo paketinizin size teslimi s\u0131ras\u0131nda, kargo teslim tutana\u011f\u0131n\u0131 imzalamadan \u00f6nce yapaca\u011f\u0131n\u0131z kontrolde, size ait olmayan, talebiniz olmayan bir \u00fcr\u00fcn\u00fcn teslimat\u0131 ger\u00e7ekle\u015ftirildi\u011finde, kargoyu teslim almayarak kargo g\u00f6revlisine iade ediniz. Bizi konu hakk\u0131nda bilgilendirdi\u011finiz takdirde, gerekli kontroller yap\u0131lar, iade edilen \u00fcr\u00fcn taraf\u0131m\u0131za ula\u015ft\u0131ktan sonra do\u011fru \u00fcr\u00fcn g\u00f6nderimi ger\u00e7ekle\u015ftirilecektir.<\/p>\n\n\n\n<p>Sipari\u015finizin size ula\u015fmamas\u0131 durumunda sipari\u015finiz esnas\u0131nda vermi\u015f oldu\u011funuz bilgilerin do\u011frulu\u011funu kontrol edebilir, sipari\u015finizin sitemiz \u00fczerinden konumunu takip edebilirsiniz. Verilen t\u00fcm do\u011fru bilgilere ra\u011fmen sipari\u015finizin farkl\u0131 bir adrese g\u00f6nderimi s\u00f6z konusu ise, konuyu M\u00fc\u015fteri Hizmetleri arac\u0131l\u0131\u011f\u0131yla bize bildirmenizi rica ederiz. Konu taraf\u0131m\u0131zdan kargo \u015firketi ile g\u00f6r\u00fc\u015f\u00fclerek sipari\u015finizin size teslimat\u0131 sa\u011flanabilmektedir.<\/p>\n\n\n\n<p><strong>Kargo \u00fccreti:<\/strong><br>Sat\u0131n ald\u0131\u011f\u0131n\u0131z \u00fcr\u00fcn\u00fcn desisine g\u00f6re fiyatland\u0131r\u0131l\u0131r. \u00dccretsiz kargo i\u00e7in kampanyalar\u0131m\u0131z\u0131 takip edebilirsiniz.<\/p>\n","protected":false},"excerpt":{"rendered":"<p>Kargo Teslim Bilgileri \u00d6ncelikle sitemiz \u00fczerinde verdi\u011finiz sipari\u015finizin t\u00fcm ad\u0131mlar\u0131n\u0131 diledi\u011finiz zaman \u00fcst men\u00fcde yer alan \u201cSipari\u015flerim\u201d sekmesinden takip edebilirsiniz.<\/p>\n","protected":false},"author":1,"featured_media":0,"parent":0,"menu_order":0,"comment_status":"closed","ping_status":"closed","template":"","meta":{"footnotes":""},"class_list":["post-1442","page","type-page","status-publish","hentry"],"_links":{"self":[{"href":"https:\/\/korkutelikasapoglumobilya.com.tr\/index.php?rest_route=\/wp\/v2\/pages\/1442","targetHints":{"allow":["GET"]}}],"collection":[{"href":"https:\/\/korkutelikasapoglumobilya.com.tr\/index.php?rest_route=\/wp\/v2\/pages"}],"about":[{"href":"https:\/\/korkutelikasapoglumobilya.com.tr\/index.php?rest_route=\/wp\/v2\/types\/page"}],"author":[{"embeddable":true,"href":"https:\/\/korkutelikasapoglumobilya.com.tr\/index.php?rest_route=\/wp\/v2\/users\/1"}],"replies":[{"embeddable":true,"href":"https:\/\/korkutelikasapoglumobilya.com.tr\/index.php?rest_route=%2Fwp%2Fv2%2Fcomments&post=1442"}],"version-history":[{"count":1,"href":"https:\/\/korkutelikasapoglumobilya.com.tr\/index.php?rest_route=\/wp\/v2\/pages\/1442\/revisions"}],"predecessor-version":[{"id":1443,"href":"https:\/\/korkutelikasapoglumobilya.com.tr\/index.php?rest_route=\/wp\/v2\/pages\/1442\/revisions\/1443"}],"wp:attachment":[{"href":"https:\/\/korkutelikasapoglumobilya.com.tr\/index.php?rest_route=%2Fwp%2Fv2%2Fmedia&parent=1442"}],"curies":[{"name":"wp","href":"https:\/\/api.w.org\/{rel}","templated":true}]}}