{"id":1450,"date":"2025-05-02T12:15:46","date_gmt":"2025-05-02T12:15:46","guid":{"rendered":"https:\/\/korkutelikasapoglumobilya.com.tr\/?page_id=1450"},"modified":"2025-05-02T15:16:32","modified_gmt":"2025-05-02T15:16:32","slug":"mesafeli-satis","status":"publish","type":"page","link":"https:\/\/korkutelikasapoglumobilya.com.tr\/?page_id=1450","title":{"rendered":"Mesafeli Sat\u0131\u015f"},"content":{"rendered":"\n<p>Mesafeli Sat\u0131\u015f S\u00f6zle\u015fmesi<\/p>\n\n\n\n<p>MADDE&nbsp; \u2013 1 KONU<\/p>\n\n\n\n<p>Bu s\u00f6zle\u015fmenin konusu, Sat\u0131c\u0131\u2019 n\u0131n Al\u0131c\u0131\u2019ya (T\u00fcketici \u2019ye) sat\u0131\u015f\u0131n\u0131 yapt\u0131\u011f\u0131, ilgili y\u00f6netmelik ve ilgili di\u011fer yasal h\u00fck\u00fcmler uyar\u0131nca taraflar\u0131n hak ve y\u00fck\u00fcml\u00fcl\u00fcklerinin belirlenmesidir.<\/p>\n\n\n\n<p>MADDE&nbsp; \u2013 2 S\u00d6ZLE\u015eME\u2019N\u0130N KURULMASI<\/p>\n\n\n\n<p>2.1&nbsp; Al\u0131c\u0131 s\u00f6zle\u015fme\u2019yi, anlad\u0131\u011f\u0131n\u0131, haklar\u0131n\u0131n ve y\u00fck\u00fcml\u00fcl\u00fcklerinin bilincinde oldu\u011funu kabul eder.<\/p>\n\n\n\n<p>2.2&nbsp; Sat\u0131c\u0131 ve al\u0131c\u0131, s\u00f6zle\u015fme ile kararla\u015ft\u0131r\u0131lan edimler aras\u0131nda hi\u00e7bir orans\u0131zl\u0131k bulunmad\u0131\u011f\u0131n\u0131 ve kar\u015f\u0131l\u0131kl\u0131 edimlerin i\u015fin niteli\u011fine uygun oldu\u011funu, s\u00f6zle\u015fme konusuna giren i\u015flemler kapsam\u0131nda herhangi bir tecr\u00fcbesizliklerinin bulunmad\u0131\u011f\u0131n\u0131 kabul ederler.<\/p>\n\n\n\n<p>2.3&nbsp; Al\u0131c\u0131, s\u00f6zle\u015fme kapsam\u0131nda yer alan i\u015flemlerin kendi menfaatine uygun oldu\u011fu konusunda tam bir kanaate vard\u0131\u011f\u0131n\u0131 ve t\u00fcm \u015fartlara kendi \u00f6zg\u00fcr iradesi ile, hi\u00e7bir g\u00fc\u00e7l\u00fck veya s\u0131k\u0131nt\u0131 i\u00e7inde olmadan, d\u00fc\u015f\u00fcnerek, isteyerek ve bilerek uyaca\u011f\u0131n\u0131 kabul eder.<\/p>\n\n\n\n<p>2.4&nbsp; Sat\u0131c\u0131 ve al\u0131c\u0131, s\u00f6zle\u015fmenin h\u00fck\u00fcmlerinin haks\u0131z \u015fart say\u0131labilecek bir \u00f6zellik ta\u015f\u0131mad\u0131\u011f\u0131n\u0131, menfaatler dengesi bak\u0131m\u0131ndan bir haks\u0131zl\u0131k olmad\u0131\u011f\u0131n\u0131 kabul eder.<\/p>\n\n\n\n<p>2.5&nbsp; \u0130\u015fbu s\u00f6zle\u015fme, ekleri ve korkutelikasapoglumobilya.com.tr \u00fczerinden yap\u0131lan i\u015flemler kapsam\u0131nda tedarik edilen bilgiler ve elektronik vas\u0131talarla onaylanan konular kampanyal\u0131 sat\u0131\u015flara ili\u015fkin uygulama usul ve esaslar\u0131 hakk\u0131nda y\u00f6netmelik\u2019in 6. maddesi\u2019nin gerekliliklerine kar\u015f\u0131l\u0131k gelmektedir.<\/p>\n\n\n\n<p>2.6&nbsp; \u0130\u015fbu s\u00f6zle\u015fme h\u00fck\u00fcmleri t\u00fcketici s\u00f6zle\u015fmelerindeki haks\u0131z \u015fartlar hakk\u0131nda y\u00f6netmelik h\u00fck\u00fcmleri uyar\u0131nca herhangi bir haks\u0131z \u015fart i\u00e7ermemektedir. H\u00fck\u00fcmler d\u00fcr\u00fcstl\u00fck ve iyiniyet kural\u0131na ayk\u0131r\u0131l\u0131k te\u015fkil etmemekte olup t\u00fcketicinin korunmas\u0131 mevzuat\u0131na uygun olarak haz\u0131rlanm\u0131\u015ft\u0131r.<\/p>\n\n\n\n<p>2.7&nbsp; \u0130\u015fbu s\u00f6zle\u015fme h\u00fck\u00fcmleri 6098 say\u0131l\u0131 yeni bor\u00e7lar kanunu h\u00fck\u00fcmleri de dikkate al\u0131narak haz\u0131rlanm\u0131\u015ft\u0131r. Yeni bor\u00e7lar kanunu\u2019nun 21. maddesinde \u00f6ng\u00f6r\u00fclen ba\u011flay\u0131c\u0131l\u0131k ve i\u00e7erik denetimi al\u0131c\u0131 taraf\u0131ndan yap\u0131lm\u0131\u015ft\u0131r. i\u015fbu s\u00f6zle\u015fme h\u00fck\u00fcmlerinden hi\u00e7biri i\u015fbu s\u00f6zle\u015fme\u2019nin niteli\u011fine ve i\u015fin \u00f6zelli\u011fine yabanc\u0131 (\u015fa\u015f\u0131rt\u0131c\u0131 \u015fartlar) nitelik ta\u015f\u0131maz. \u0130\u015fbu s\u00f6zle\u015fme h\u00fck\u00fcmleri a\u00e7\u0131k ve anla\u015f\u0131l\u0131r bir \u015fekilde yaz\u0131lm\u0131\u015f olup birden \u00e7ok anlam\u0131 ifade etmemektedir.<\/p>\n\n\n\n<p>MADDE&nbsp; \u2013 3 SATICI B\u0130LG\u0130LER\u0130<\/p>\n\n\n\n<p>Unvan: KASAPO\u011eLU MOB\u0130LYA<\/p>\n\n\n\n<p>Adres: Kiremitli mah.Fatih Bulv. No:14 Korkuteli\/Antalya<\/p>\n\n\n\n<p>Telefon: 0535 747 12 28<\/p>\n\n\n\n<p>E posta<strong>: sukrucankasap@hotmail.com<\/strong><\/p>\n\n\n\n<p>MADDE \u2013 4 \u0130ADE VE GARANT\u0130 KO\u015eULLARI<\/p>\n\n\n\n<p>\u00dcr\u00fcn iadesi ve de\u011fi\u015ftirme \u015fartlar\u0131 olarak, 4077 say\u0131l\u0131 T\u00fcketicinin Korunmas\u0131 Hakk\u0131nda Kanun gere\u011fi uygulamalar esast\u0131r.<\/p>\n","protected":false},"excerpt":{"rendered":"<p>Mesafeli Sat\u0131\u015f S\u00f6zle\u015fmesi MADDE&nbsp; \u2013 1 KONU Bu s\u00f6zle\u015fmenin konusu, Sat\u0131c\u0131\u2019 n\u0131n Al\u0131c\u0131\u2019ya (T\u00fcketici \u2019ye) sat\u0131\u015f\u0131n\u0131 yapt\u0131\u011f\u0131, ilgili y\u00f6netmelik ve<\/p>\n","protected":false},"author":1,"featured_media":0,"parent":0,"menu_order":0,"comment_status":"closed","ping_status":"closed","template":"","meta":{"footnotes":""},"class_list":["post-1450","page","type-page","status-publish","hentry"],"_links":{"self":[{"href":"https:\/\/korkutelikasapoglumobilya.com.tr\/index.php?rest_route=\/wp\/v2\/pages\/1450","targetHints":{"allow":["GET"]}}],"collection":[{"href":"https:\/\/korkutelikasapoglumobilya.com.tr\/index.php?rest_route=\/wp\/v2\/pages"}],"about":[{"href":"https:\/\/korkutelikasapoglumobilya.com.tr\/index.php?rest_route=\/wp\/v2\/types\/page"}],"author":[{"embeddable":true,"href":"https:\/\/korkutelikasapoglumobilya.com.tr\/index.php?rest_route=\/wp\/v2\/users\/1"}],"replies":[{"embeddable":true,"href":"https:\/\/korkutelikasapoglumobilya.com.tr\/index.php?rest_route=%2Fwp%2Fv2%2Fcomments&post=1450"}],"version-history":[{"count":4,"href":"https:\/\/korkutelikasapoglumobilya.com.tr\/index.php?rest_route=\/wp\/v2\/pages\/1450\/revisions"}],"predecessor-version":[{"id":1475,"href":"https:\/\/korkutelikasapoglumobilya.com.tr\/index.php?rest_route=\/wp\/v2\/pages\/1450\/revisions\/1475"}],"wp:attachment":[{"href":"https:\/\/korkutelikasapoglumobilya.com.tr\/index.php?rest_route=%2Fwp%2Fv2%2Fmedia&parent=1450"}],"curies":[{"name":"wp","href":"https:\/\/api.w.org\/{rel}","templated":true}]}}